{"id":2399,"date":"2019-03-06T15:54:00","date_gmt":"2019-03-06T14:54:00","guid":{"rendered":"https:\/\/www.pur-ethanol.com\/?post_type=product&#038;p=2399"},"modified":"2026-03-26T09:52:55","modified_gmt":"2026-03-26T08:52:55","slug":"bioethanol-para-chimenea-20-litros","status":"publish","type":"product","link":"https:\/\/www.pur-ethanol.com\/es\/produit\/bioethanol-para-chimenea-20-litros\/","title":{"rendered":"Bioetanol para chimenea 20 litros  (4\u00d75 litros)"},"content":{"rendered":"<p>Disfrute de su bio-chimenea en toda seguridad con Pur-\u00e9thanol.<\/p>\n<p><a href=\"https:\/\/www.pur-ethanol.com\/es\/pur-ethanol\/\"><strong>Pur-\u00e9thanol<\/strong><\/a> es un alcohol denaturalizado de alta calidad. Se trata de un <strong>combustible<\/strong> <b class=\"b5\">biol\u00f3gico<\/b> del cultivo de la remolacha azucarera francesa.<\/p>\n<p><strong><b class=\"b5\">Gratis<\/b> : un <b class=\"b5\">tap\u00f3n con grifo<\/b>\u00a0<b class=\"b3\">por\u00a0<\/b><b class=\"b4\">m\u00e1<\/b><b class=\"b5\">s confort y seguridad<\/b>.<\/strong><\/p>\n","protected":false},"excerpt":{"rendered":"<p>Bioetanol para chimenea vendido en pack de 4 bidones de 5 litros.<\/p>\n","protected":false},"featured_media":1642,"template":"","meta":{"_acf_changed":false,"_et_pb_use_builder":"","_et_pb_old_content":"","_et_gb_content_width":""},"product_brand":[],"product_cat":[88],"product_tag":[89],"class_list":{"0":"post-2399","1":"product","2":"type-product","3":"status-publish","4":"has-post-thumbnail","6":"product_cat-bioethanol","7":"product_tag-produit-es-2","9":"first","10":"instock","11":"taxable","12":"shipping-taxable","13":"purchasable","14":"product-type-simple"},"supplier_id":null,"supplier_sku":"","barcode":null,"atum_controlled":true,"out_stock_date":null,"out_stock_threshold":null,"inheritable":false,"inbound_stock":0,"stock_on_hold":40,"sold_today":40,"sales_last_days":108,"reserved_stock":0,"customer_returns":0,"warehouse_damage":0,"lost_in_post":0,"other_logs":0,"out_stock_days":0,"lost_sales":0,"has_location":false,"update_date":"2026-04-15T17:34:06","atum_locations":[],"atum_stock_status":"instock","restock_status":true,"low_stock_amount":3,"sales_update_date":"2026-04-15T17:34:06","calc_backorders":0,"acf":[],"yoast_head":"<!-- This site is optimized with the Yoast SEO plugin v27.3 - https:\/\/yoast.com\/product\/yoast-seo-wordpress\/ -->\n<title>Bioetanol para chimenea 20 litros Pur Ethanol<\/title>\n<meta name=\"description\" content=\"Bioetanol para chimenea 20 litros: Alcohol extrafino al 96% Pur-ethanol fabricado en Francia. Tap\u00f3n grifo de regalo para un llenado f\u00e1cil. Env\u00edo gratis.\" \/>\n<meta name=\"robots\" content=\"index, follow, max-snippet:-1, max-image-preview:large, max-video-preview:-1\" \/>\n<link rel=\"canonical\" href=\"https:\/\/www.pur-ethanol.com\/es\/produit\/bioethanol-para-chimenea-20-litros\/\" \/>\n<meta property=\"og:locale\" content=\"es_ES\" \/>\n<meta property=\"og:type\" content=\"article\" \/>\n<meta property=\"og:title\" content=\"Bioetanol para chimenea 20 litros Pur Ethanol\" \/>\n<meta property=\"og:description\" content=\"Bioetanol para chimenea 20 litros: Alcohol extrafino al 96% Pur-ethanol fabricado en Francia. Tap\u00f3n grifo de regalo para un llenado f\u00e1cil. Env\u00edo gratis.\" \/>\n<meta property=\"og:url\" content=\"https:\/\/www.pur-ethanol.com\/es\/produit\/bioethanol-para-chimenea-20-litros\/\" \/>\n<meta property=\"og:site_name\" content=\"Pur Ethanol\" \/>\n<meta property=\"article:publisher\" content=\"https:\/\/www.facebook.com\/pages\/Pur-ethanol\/416380911759072\" \/>\n<meta property=\"article:modified_time\" content=\"2026-03-26T08:52:55+00:00\" \/>\n<meta property=\"og:image\" content=\"https:\/\/www.pur-ethanol.com\/wp-content\/uploads\/2019\/03\/group-2.png\" \/>\n\t<meta property=\"og:image:width\" content=\"251\" \/>\n\t<meta property=\"og:image:height\" content=\"375\" \/>\n\t<meta property=\"og:image:type\" content=\"image\/png\" \/>\n<meta name=\"twitter:card\" content=\"summary_large_image\" \/>\n<meta name=\"twitter:label1\" content=\"Tiempo de lectura\" \/>\n\t<meta name=\"twitter:data1\" content=\"3 minutos\" \/>\n<script type=\"application\/ld+json\" class=\"yoast-schema-graph\">{\"@context\":\"https:\\\/\\\/schema.org\",\"@graph\":[{\"@type\":[\"WebPage\",\"ItemPage\"],\"@id\":\"https:\\\/\\\/www.pur-ethanol.com\\\/es\\\/produit\\\/bioethanol-para-chimenea-20-litros\\\/\",\"url\":\"https:\\\/\\\/www.pur-ethanol.com\\\/es\\\/produit\\\/bioethanol-para-chimenea-20-litros\\\/\",\"name\":\"Bioetanol para chimenea 20 litros Pur Ethanol\",\"isPartOf\":{\"@id\":\"https:\\\/\\\/www.pur-ethanol.com\\\/es\\\/#website\"},\"primaryImageOfPage\":{\"@id\":\"https:\\\/\\\/www.pur-ethanol.com\\\/es\\\/produit\\\/bioethanol-para-chimenea-20-litros\\\/#primaryimage\"},\"image\":{\"@id\":\"https:\\\/\\\/www.pur-ethanol.com\\\/es\\\/produit\\\/bioethanol-para-chimenea-20-litros\\\/#primaryimage\"},\"thumbnailUrl\":\"https:\\\/\\\/www.pur-ethanol.com\\\/wp-content\\\/uploads\\\/2019\\\/03\\\/group-2.png\",\"datePublished\":\"2019-03-06T14:54:00+00:00\",\"dateModified\":\"2026-03-26T08:52:55+00:00\",\"description\":\"Bioetanol para chimenea 20 litros: Alcohol extrafino al 96% Pur-ethanol fabricado en Francia. Tap\u00f3n grifo de regalo para un llenado f\u00e1cil. Env\u00edo gratis.\",\"breadcrumb\":{\"@id\":\"https:\\\/\\\/www.pur-ethanol.com\\\/es\\\/produit\\\/bioethanol-para-chimenea-20-litros\\\/#breadcrumb\"},\"inLanguage\":\"es\",\"potentialAction\":[{\"@type\":\"ReadAction\",\"target\":[\"https:\\\/\\\/www.pur-ethanol.com\\\/es\\\/produit\\\/bioethanol-para-chimenea-20-litros\\\/\"]}]},{\"@type\":\"ImageObject\",\"inLanguage\":\"es\",\"@id\":\"https:\\\/\\\/www.pur-ethanol.com\\\/es\\\/produit\\\/bioethanol-para-chimenea-20-litros\\\/#primaryimage\",\"url\":\"https:\\\/\\\/www.pur-ethanol.com\\\/wp-content\\\/uploads\\\/2019\\\/03\\\/group-2.png\",\"contentUrl\":\"https:\\\/\\\/www.pur-ethanol.com\\\/wp-content\\\/uploads\\\/2019\\\/03\\\/group-2.png\",\"width\":251,\"height\":375,\"caption\":\"bio\u00e9thanol chemin\u00e9e 20L Pur Ethanol\"},{\"@type\":\"BreadcrumbList\",\"@id\":\"https:\\\/\\\/www.pur-ethanol.com\\\/es\\\/produit\\\/bioethanol-para-chimenea-20-litros\\\/#breadcrumb\",\"itemListElement\":[{\"@type\":\"ListItem\",\"position\":1,\"name\":\"Accueil\",\"item\":\"https:\\\/\\\/www.pur-ethanol.com\\\/es\\\/\"},{\"@type\":\"ListItem\",\"position\":2,\"name\":\"Productos\",\"item\":\"https:\\\/\\\/www.pur-ethanol.com\\\/es\\\/shop\\\/\"},{\"@type\":\"ListItem\",\"position\":3,\"name\":\"Bioetanol para chimenea 20 litros (4\u00d75 litros)\"}]},{\"@type\":\"WebSite\",\"@id\":\"https:\\\/\\\/www.pur-ethanol.com\\\/es\\\/#website\",\"url\":\"https:\\\/\\\/www.pur-ethanol.com\\\/es\\\/\",\"name\":\"Pur Ethanol\",\"description\":\"Votre source bio-\u00e9thanol pour chemin\u00e9e par Nadal Alcools\",\"publisher\":{\"@id\":\"https:\\\/\\\/www.pur-ethanol.com\\\/es\\\/#organization\"},\"potentialAction\":[{\"@type\":\"SearchAction\",\"target\":{\"@type\":\"EntryPoint\",\"urlTemplate\":\"https:\\\/\\\/www.pur-ethanol.com\\\/es\\\/?s={search_term_string}\"},\"query-input\":{\"@type\":\"PropertyValueSpecification\",\"valueRequired\":true,\"valueName\":\"search_term_string\"}}],\"inLanguage\":\"es\"},{\"@type\":\"Organization\",\"@id\":\"https:\\\/\\\/www.pur-ethanol.com\\\/es\\\/#organization\",\"name\":\"Pur Ethanol\",\"url\":\"https:\\\/\\\/www.pur-ethanol.com\\\/es\\\/\",\"logo\":{\"@type\":\"ImageObject\",\"inLanguage\":\"es\",\"@id\":\"https:\\\/\\\/www.pur-ethanol.com\\\/es\\\/#\\\/schema\\\/logo\\\/image\\\/\",\"url\":\"https:\\\/\\\/www.pur-ethanol.com\\\/wp-content\\\/uploads\\\/2019\\\/07\\\/logo-couleur-pur-ethanol.png\",\"contentUrl\":\"https:\\\/\\\/www.pur-ethanol.com\\\/wp-content\\\/uploads\\\/2019\\\/07\\\/logo-couleur-pur-ethanol.png\",\"width\":240,\"height\":45,\"caption\":\"Pur Ethanol\"},\"image\":{\"@id\":\"https:\\\/\\\/www.pur-ethanol.com\\\/es\\\/#\\\/schema\\\/logo\\\/image\\\/\"},\"sameAs\":[\"https:\\\/\\\/www.facebook.com\\\/pages\\\/Pur-ethanol\\\/416380911759072\"]}]}<\/script>\n<!-- \/ Yoast SEO plugin. -->","yoast_head_json":{"title":"Bioetanol para chimenea 20 litros Pur Ethanol","description":"Bioetanol para chimenea 20 litros: Alcohol extrafino al 96% Pur-ethanol fabricado en Francia. Tap\u00f3n grifo de regalo para un llenado f\u00e1cil. Env\u00edo gratis.","robots":{"index":"index","follow":"follow","max-snippet":"max-snippet:-1","max-image-preview":"max-image-preview:large","max-video-preview":"max-video-preview:-1"},"canonical":"https:\/\/www.pur-ethanol.com\/es\/produit\/bioethanol-para-chimenea-20-litros\/","og_locale":"es_ES","og_type":"article","og_title":"Bioetanol para chimenea 20 litros Pur Ethanol","og_description":"Bioetanol para chimenea 20 litros: Alcohol extrafino al 96% Pur-ethanol fabricado en Francia. Tap\u00f3n grifo de regalo para un llenado f\u00e1cil. Env\u00edo gratis.","og_url":"https:\/\/www.pur-ethanol.com\/es\/produit\/bioethanol-para-chimenea-20-litros\/","og_site_name":"Pur Ethanol","article_publisher":"https:\/\/www.facebook.com\/pages\/Pur-ethanol\/416380911759072","article_modified_time":"2026-03-26T08:52:55+00:00","og_image":[{"width":251,"height":375,"url":"https:\/\/www.pur-ethanol.com\/wp-content\/uploads\/2019\/03\/group-2.png","type":"image\/png"}],"twitter_card":"summary_large_image","twitter_misc":{"Tiempo de lectura":"3 minutos"},"schema":{"@context":"https:\/\/schema.org","@graph":[{"@type":["WebPage","ItemPage"],"@id":"https:\/\/www.pur-ethanol.com\/es\/produit\/bioethanol-para-chimenea-20-litros\/","url":"https:\/\/www.pur-ethanol.com\/es\/produit\/bioethanol-para-chimenea-20-litros\/","name":"Bioetanol para chimenea 20 litros Pur Ethanol","isPartOf":{"@id":"https:\/\/www.pur-ethanol.com\/es\/#website"},"primaryImageOfPage":{"@id":"https:\/\/www.pur-ethanol.com\/es\/produit\/bioethanol-para-chimenea-20-litros\/#primaryimage"},"image":{"@id":"https:\/\/www.pur-ethanol.com\/es\/produit\/bioethanol-para-chimenea-20-litros\/#primaryimage"},"thumbnailUrl":"https:\/\/www.pur-ethanol.com\/wp-content\/uploads\/2019\/03\/group-2.png","datePublished":"2019-03-06T14:54:00+00:00","dateModified":"2026-03-26T08:52:55+00:00","description":"Bioetanol para chimenea 20 litros: Alcohol extrafino al 96% Pur-ethanol fabricado en Francia. Tap\u00f3n grifo de regalo para un llenado f\u00e1cil. Env\u00edo gratis.","breadcrumb":{"@id":"https:\/\/www.pur-ethanol.com\/es\/produit\/bioethanol-para-chimenea-20-litros\/#breadcrumb"},"inLanguage":"es","potentialAction":[{"@type":"ReadAction","target":["https:\/\/www.pur-ethanol.com\/es\/produit\/bioethanol-para-chimenea-20-litros\/"]}]},{"@type":"ImageObject","inLanguage":"es","@id":"https:\/\/www.pur-ethanol.com\/es\/produit\/bioethanol-para-chimenea-20-litros\/#primaryimage","url":"https:\/\/www.pur-ethanol.com\/wp-content\/uploads\/2019\/03\/group-2.png","contentUrl":"https:\/\/www.pur-ethanol.com\/wp-content\/uploads\/2019\/03\/group-2.png","width":251,"height":375,"caption":"bio\u00e9thanol chemin\u00e9e 20L Pur Ethanol"},{"@type":"BreadcrumbList","@id":"https:\/\/www.pur-ethanol.com\/es\/produit\/bioethanol-para-chimenea-20-litros\/#breadcrumb","itemListElement":[{"@type":"ListItem","position":1,"name":"Accueil","item":"https:\/\/www.pur-ethanol.com\/es\/"},{"@type":"ListItem","position":2,"name":"Productos","item":"https:\/\/www.pur-ethanol.com\/es\/shop\/"},{"@type":"ListItem","position":3,"name":"Bioetanol para chimenea 20 litros (4\u00d75 litros)"}]},{"@type":"WebSite","@id":"https:\/\/www.pur-ethanol.com\/es\/#website","url":"https:\/\/www.pur-ethanol.com\/es\/","name":"Pur Ethanol","description":"Votre source bio-\u00e9thanol pour chemin\u00e9e par Nadal Alcools","publisher":{"@id":"https:\/\/www.pur-ethanol.com\/es\/#organization"},"potentialAction":[{"@type":"SearchAction","target":{"@type":"EntryPoint","urlTemplate":"https:\/\/www.pur-ethanol.com\/es\/?s={search_term_string}"},"query-input":{"@type":"PropertyValueSpecification","valueRequired":true,"valueName":"search_term_string"}}],"inLanguage":"es"},{"@type":"Organization","@id":"https:\/\/www.pur-ethanol.com\/es\/#organization","name":"Pur Ethanol","url":"https:\/\/www.pur-ethanol.com\/es\/","logo":{"@type":"ImageObject","inLanguage":"es","@id":"https:\/\/www.pur-ethanol.com\/es\/#\/schema\/logo\/image\/","url":"https:\/\/www.pur-ethanol.com\/wp-content\/uploads\/2019\/07\/logo-couleur-pur-ethanol.png","contentUrl":"https:\/\/www.pur-ethanol.com\/wp-content\/uploads\/2019\/07\/logo-couleur-pur-ethanol.png","width":240,"height":45,"caption":"Pur Ethanol"},"image":{"@id":"https:\/\/www.pur-ethanol.com\/es\/#\/schema\/logo\/image\/"},"sameAs":["https:\/\/www.facebook.com\/pages\/Pur-ethanol\/416380911759072"]}]}},"_links":{"self":[{"href":"https:\/\/www.pur-ethanol.com\/es\/wp-json\/wp\/v2\/product\/2399","targetHints":{"allow":["GET"]}}],"collection":[{"href":"https:\/\/www.pur-ethanol.com\/es\/wp-json\/wp\/v2\/product"}],"about":[{"href":"https:\/\/www.pur-ethanol.com\/es\/wp-json\/wp\/v2\/types\/product"}],"wp:featuredmedia":[{"embeddable":true,"href":"https:\/\/www.pur-ethanol.com\/es\/wp-json\/wp\/v2\/media\/1642"}],"wp:attachment":[{"href":"https:\/\/www.pur-ethanol.com\/es\/wp-json\/wp\/v2\/media?parent=2399"}],"wp:term":[{"taxonomy":"product_brand","embeddable":true,"href":"https:\/\/www.pur-ethanol.com\/es\/wp-json\/wp\/v2\/product_brand?post=2399"},{"taxonomy":"product_cat","embeddable":true,"href":"https:\/\/www.pur-ethanol.com\/es\/wp-json\/wp\/v2\/product_cat?post=2399"},{"taxonomy":"product_tag","embeddable":true,"href":"https:\/\/www.pur-ethanol.com\/es\/wp-json\/wp\/v2\/product_tag?post=2399"}],"curies":[{"name":"wp","href":"https:\/\/api.w.org\/{rel}","templated":true}]}}