{"id":1745,"date":"2019-02-14T17:29:11","date_gmt":"2019-02-14T16:29:11","guid":{"rendered":"https:\/\/www.pur-ethanol.com\/politique-de-confidentialite\/"},"modified":"2020-02-19T15:09:41","modified_gmt":"2020-02-19T14:09:41","slug":"politica-de-privacidad","status":"publish","type":"page","link":"https:\/\/www.pur-ethanol.com\/es\/politica-de-privacidad\/","title":{"rendered":"Pol\u00edtica de privacidad"},"content":{"rendered":"<h2><strong>1. La r<b class=\"b5\">ecogida de informaci\u00f3n<\/b><\/strong><\/h2>\n<p>Recogemos informaciones cuando se registra en este sitio, cuando inicia una sesi\u00f3n en su cuenta, cuando hace una compra, cuando presenta su candidatura a un concurso, y cuando cierra la sesi\u00f3n. La informaci\u00f3n recogida incluye su nombre, su cuenta de correo, y su n\u00famero telef\u00f3nico. Adem\u00e1s, guardaremos autom\u00e1ticamente informaciones desde su computadora y navegador web : direcci\u00f3n IP, sus programas inform\u00e1ticos, su equipo, y la p\u00e1gina solicitada.<\/p>\n<h2><strong>2. Uso de informaci\u00f3n<\/strong><\/h2>\n<p>Toda la informaci\u00f3n recogida podr\u00e1 ser utilizada para :<\/p>\n<ul>\n<li>Satisfacer\u00a0sus necesidades espec\u00edficas\u00a0y\u00a0ofrecerle\u00a0una experiencia desafiante<\/li>\n<li>Entregar contenido personalizado y pertinente<\/li>\n<li>Mejorar nuestro\u00a0sitio\u00a0web<\/li>\n<li>Mejorar el servicio al cliente<\/li>\n<li>Contactarlo por correo\u00a0electr\u00f3nico<\/li>\n<li>Administrar un concurso,\u00a0una encuesta o promoci\u00f3n<\/li>\n<\/ul>\n<h2><strong>3. P<b class=\"b5\">rivacidad<\/b><b class=\"b4\"> del comercio en<\/b><b class=\"b5\">\u00a0l\u00ednea<\/b><\/strong><\/h2>\n<p>Somos los \u00fanicos due\u00f1os de la informaci\u00f3n recogida en este sitio. No vendemos, comerciamos ni transferimos de ning\u00fan modo tu informaci\u00f3n personal a terceros sin informarte previamente y conforme a la legislaci\u00f3n vigente en materia de protecci\u00f3n de datos.<\/p>\n<h2><strong>4. D<b class=\"b5\">ivulgaci\u00f3n\u00a0<\/b><b class=\"b4\">a terceros<\/b><\/strong><\/h2>\n<p>No vendemos, comerciamos ni transferimos de ning\u00fan modo tu informaci\u00f3n personal a terceros. Esto no\u00a0incluye\u00a0los terceros\u00a0de\u00a0confianza\u00a0que nos asisten en la operaci\u00f3n de este\u00a0sitio, la realizaci\u00f3n de sus negocios, a servir a usted, con tal que estos\u00a0partidos\u00a0comprometen a mantener esta informaci\u00f3n confidencial. Cuando estimemos necesario compartir\u00a0datos\u00a0con\u00a0el\u00a0fin\u00a0de\u00a0investigar, impedir o adoptar medidas frente a actividades il\u00edcitas, sospechas de fraude, situaciones que puedan poner en cuesti\u00f3n la integridad f\u00edsica de cualquier persona, contravenciones o sospechas de contravenci\u00f3n de las condiciones de uso de Fuld, o de otro modo seg\u00fan lo previsto por ley.<\/p>\n<h2><strong>5. Protecci\u00f3n de informaci\u00f3n<\/strong><\/h2>\n<p>Usamos medidas de seguridad t\u00e9cnica y medidas organizativas adecuadas y nos esforzamos por garantizar que cualquier tercero que procese susDatos Personales en nuestro nombre emplee unas medidas de seguridad t\u00e9cnica y unas medidas organizativas adecuadas para proteger sus Datos Personales contra un procesamiento no autorizado o ilegal de sus Datos Personales y contra p\u00e9rdida accidental, destrucci\u00f3n o da\u00f1os a sus Datos Personales.<\/p>\n<h2><strong>6. E<b class=\"b4\">l<\/b><b class=\"b5\">\u00a0uso de cookies<\/b><\/strong><\/h2>\n<div class=\"shortened_begin2\">Usamos la informaci\u00f3n de\u00a0las\u00a0cookies\u00a0para\u00a0mejorar nuestro conocimiento de la utilizaci\u00f3n de nuestro sitio web y\u00a0que\u00a0nos\u00a0permita ser capaces<\/div>\n<div class=\"shortened_end2\">de determinar si el\u00a0sitio web est\u00e1 operando a un nivel \u00f3ptimo.<\/div>\n<div><\/div>\n<h2 class=\"shortened_end2\"><strong>7. Anular la suscripci\u00f3n<\/strong><\/h2>\n<div class=\"shortened_end2\">Si en\u00a0cualquier momento desea dejar de recibir el\u00a0bolet\u00edn de noticias o cualquier comunicaci\u00f3n comercial (si la hubiese), podr\u00e1 darse de baja haciendo clic en el v\u00ednculo que aparece en cada uno de los boletines que se le env\u00edan por correo electr\u00f3nico.<\/div>\n<h2><strong>8. Consentimiento<\/strong><\/h2>\n<p>Al\u00a0utilizar nuestra\u00a0p\u00e1gina\u00a0Web usted est\u00e1\u00a0de acuerdo\u00a0con\u00a0nuestra\u00a0recolecci\u00f3n y uso\u00a0de informaci\u00f3n personal tal y como se describe en esta Pol\u00edtica de Privacidad.<\/p>\n","protected":false},"excerpt":{"rendered":"<p>1. La recogida de informaci\u00f3n Recogemos informaciones cuando se registra en este sitio, cuando inicia una sesi\u00f3n en su cuenta, cuando hace una compra, cuando presenta su candidatura a un concurso, y cuando cierra la sesi\u00f3n. La informaci\u00f3n recogida incluye su nombre, su cuenta de correo, y su n\u00famero telef\u00f3nico. Adem\u00e1s, guardaremos autom\u00e1ticamente informaciones desde [&hellip;]<\/p>\n","protected":false},"author":1,"featured_media":0,"parent":0,"menu_order":0,"comment_status":"closed","ping_status":"open","template":"","meta":{"_acf_changed":false,"_et_pb_use_builder":"","_et_pb_old_content":"","_et_gb_content_width":"","footnotes":""},"class_list":["post-1745","page","type-page","status-publish","hentry"],"acf":[],"yoast_head":"<!-- This site is optimized with the Yoast SEO plugin v27.6 - https:\/\/yoast.com\/product\/yoast-seo-wordpress\/ -->\n<title>Politica de privacidad Pur-Ethanol - Bio-ethanol de alta calidad<\/title>\n<meta name=\"description\" content=\"Pur-Ethanol quiere satisfacer\u00a0sus necesidades espec\u00edficas\u00a0y\u00a0ofrecerle\u00a0una experiencia desafiante. Nuestra politica de privacidad refleja esta voluntad.\" \/>\n<meta name=\"robots\" content=\"index, follow, max-snippet:-1, max-image-preview:large, max-video-preview:-1\" \/>\n<link rel=\"canonical\" href=\"https:\/\/www.pur-ethanol.com\/es\/politica-de-privacidad\/\" \/>\n<meta property=\"og:locale\" content=\"es_ES\" \/>\n<meta property=\"og:type\" content=\"article\" \/>\n<meta property=\"og:title\" content=\"Politica de privacidad Pur-Ethanol - Bio-ethanol de alta calidad\" \/>\n<meta property=\"og:description\" content=\"Pur-Ethanol quiere satisfacer\u00a0sus necesidades espec\u00edficas\u00a0y\u00a0ofrecerle\u00a0una experiencia desafiante. Nuestra politica de privacidad refleja esta voluntad.\" \/>\n<meta property=\"og:url\" content=\"https:\/\/www.pur-ethanol.com\/es\/politica-de-privacidad\/\" \/>\n<meta property=\"og:site_name\" content=\"Pur Ethanol\" \/>\n<meta property=\"article:publisher\" content=\"https:\/\/www.facebook.com\/pages\/Pur-ethanol\/416380911759072\" \/>\n<meta property=\"article:modified_time\" content=\"2020-02-19T14:09:41+00:00\" \/>\n<meta name=\"twitter:card\" content=\"summary_large_image\" \/>\n<meta name=\"twitter:label1\" content=\"Tiempo de lectura\" \/>\n\t<meta name=\"twitter:data1\" content=\"2 minutos\" \/>\n<script type=\"application\/ld+json\" class=\"yoast-schema-graph\">{\"@context\":\"https:\\\/\\\/schema.org\",\"@graph\":[{\"@type\":\"WebPage\",\"@id\":\"https:\\\/\\\/www.pur-ethanol.com\\\/es\\\/politica-de-privacidad\\\/\",\"url\":\"https:\\\/\\\/www.pur-ethanol.com\\\/es\\\/politica-de-privacidad\\\/\",\"name\":\"Politica de privacidad Pur-Ethanol - Bio-ethanol de alta calidad\",\"isPartOf\":{\"@id\":\"https:\\\/\\\/www.pur-ethanol.com\\\/es\\\/#website\"},\"datePublished\":\"2019-02-14T16:29:11+00:00\",\"dateModified\":\"2020-02-19T14:09:41+00:00\",\"description\":\"Pur-Ethanol quiere satisfacer\u00a0sus necesidades espec\u00edficas\u00a0y\u00a0ofrecerle\u00a0una experiencia desafiante. Nuestra politica de privacidad refleja esta voluntad.\",\"breadcrumb\":{\"@id\":\"https:\\\/\\\/www.pur-ethanol.com\\\/es\\\/politica-de-privacidad\\\/#breadcrumb\"},\"inLanguage\":\"es\",\"potentialAction\":[{\"@type\":\"ReadAction\",\"target\":[\"https:\\\/\\\/www.pur-ethanol.com\\\/es\\\/politica-de-privacidad\\\/\"]}]},{\"@type\":\"BreadcrumbList\",\"@id\":\"https:\\\/\\\/www.pur-ethanol.com\\\/es\\\/politica-de-privacidad\\\/#breadcrumb\",\"itemListElement\":[{\"@type\":\"ListItem\",\"position\":1,\"name\":\"Accueil\",\"item\":\"https:\\\/\\\/www.pur-ethanol.com\\\/es\\\/\"},{\"@type\":\"ListItem\",\"position\":2,\"name\":\"Pol\u00edtica de privacidad\"}]},{\"@type\":\"WebSite\",\"@id\":\"https:\\\/\\\/www.pur-ethanol.com\\\/es\\\/#website\",\"url\":\"https:\\\/\\\/www.pur-ethanol.com\\\/es\\\/\",\"name\":\"Pur Ethanol\",\"description\":\"Votre source bio-\u00e9thanol pour chemin\u00e9e par Nadal Alcools\",\"publisher\":{\"@id\":\"https:\\\/\\\/www.pur-ethanol.com\\\/es\\\/#organization\"},\"potentialAction\":[{\"@type\":\"SearchAction\",\"target\":{\"@type\":\"EntryPoint\",\"urlTemplate\":\"https:\\\/\\\/www.pur-ethanol.com\\\/es\\\/?s={search_term_string}\"},\"query-input\":{\"@type\":\"PropertyValueSpecification\",\"valueRequired\":true,\"valueName\":\"search_term_string\"}}],\"inLanguage\":\"es\"},{\"@type\":\"Organization\",\"@id\":\"https:\\\/\\\/www.pur-ethanol.com\\\/es\\\/#organization\",\"name\":\"Pur Ethanol\",\"url\":\"https:\\\/\\\/www.pur-ethanol.com\\\/es\\\/\",\"logo\":{\"@type\":\"ImageObject\",\"inLanguage\":\"es\",\"@id\":\"https:\\\/\\\/www.pur-ethanol.com\\\/es\\\/#\\\/schema\\\/logo\\\/image\\\/\",\"url\":\"https:\\\/\\\/www.pur-ethanol.com\\\/wp-content\\\/uploads\\\/2019\\\/07\\\/logo-couleur-pur-ethanol.png\",\"contentUrl\":\"https:\\\/\\\/www.pur-ethanol.com\\\/wp-content\\\/uploads\\\/2019\\\/07\\\/logo-couleur-pur-ethanol.png\",\"width\":240,\"height\":45,\"caption\":\"Pur Ethanol\"},\"image\":{\"@id\":\"https:\\\/\\\/www.pur-ethanol.com\\\/es\\\/#\\\/schema\\\/logo\\\/image\\\/\"},\"sameAs\":[\"https:\\\/\\\/www.facebook.com\\\/pages\\\/Pur-ethanol\\\/416380911759072\"]}]}<\/script>\n<!-- \/ Yoast SEO plugin. -->","yoast_head_json":{"title":"Politica de privacidad Pur-Ethanol - Bio-ethanol de alta calidad","description":"Pur-Ethanol quiere satisfacer\u00a0sus necesidades espec\u00edficas\u00a0y\u00a0ofrecerle\u00a0una experiencia desafiante. Nuestra politica de privacidad refleja esta voluntad.","robots":{"index":"index","follow":"follow","max-snippet":"max-snippet:-1","max-image-preview":"max-image-preview:large","max-video-preview":"max-video-preview:-1"},"canonical":"https:\/\/www.pur-ethanol.com\/es\/politica-de-privacidad\/","og_locale":"es_ES","og_type":"article","og_title":"Politica de privacidad Pur-Ethanol - Bio-ethanol de alta calidad","og_description":"Pur-Ethanol quiere satisfacer\u00a0sus necesidades espec\u00edficas\u00a0y\u00a0ofrecerle\u00a0una experiencia desafiante. Nuestra politica de privacidad refleja esta voluntad.","og_url":"https:\/\/www.pur-ethanol.com\/es\/politica-de-privacidad\/","og_site_name":"Pur Ethanol","article_publisher":"https:\/\/www.facebook.com\/pages\/Pur-ethanol\/416380911759072","article_modified_time":"2020-02-19T14:09:41+00:00","twitter_card":"summary_large_image","twitter_misc":{"Tiempo de lectura":"2 minutos"},"schema":{"@context":"https:\/\/schema.org","@graph":[{"@type":"WebPage","@id":"https:\/\/www.pur-ethanol.com\/es\/politica-de-privacidad\/","url":"https:\/\/www.pur-ethanol.com\/es\/politica-de-privacidad\/","name":"Politica de privacidad Pur-Ethanol - Bio-ethanol de alta calidad","isPartOf":{"@id":"https:\/\/www.pur-ethanol.com\/es\/#website"},"datePublished":"2019-02-14T16:29:11+00:00","dateModified":"2020-02-19T14:09:41+00:00","description":"Pur-Ethanol quiere satisfacer\u00a0sus necesidades espec\u00edficas\u00a0y\u00a0ofrecerle\u00a0una experiencia desafiante. Nuestra politica de privacidad refleja esta voluntad.","breadcrumb":{"@id":"https:\/\/www.pur-ethanol.com\/es\/politica-de-privacidad\/#breadcrumb"},"inLanguage":"es","potentialAction":[{"@type":"ReadAction","target":["https:\/\/www.pur-ethanol.com\/es\/politica-de-privacidad\/"]}]},{"@type":"BreadcrumbList","@id":"https:\/\/www.pur-ethanol.com\/es\/politica-de-privacidad\/#breadcrumb","itemListElement":[{"@type":"ListItem","position":1,"name":"Accueil","item":"https:\/\/www.pur-ethanol.com\/es\/"},{"@type":"ListItem","position":2,"name":"Pol\u00edtica de privacidad"}]},{"@type":"WebSite","@id":"https:\/\/www.pur-ethanol.com\/es\/#website","url":"https:\/\/www.pur-ethanol.com\/es\/","name":"Pur Ethanol","description":"Votre source bio-\u00e9thanol pour chemin\u00e9e par Nadal Alcools","publisher":{"@id":"https:\/\/www.pur-ethanol.com\/es\/#organization"},"potentialAction":[{"@type":"SearchAction","target":{"@type":"EntryPoint","urlTemplate":"https:\/\/www.pur-ethanol.com\/es\/?s={search_term_string}"},"query-input":{"@type":"PropertyValueSpecification","valueRequired":true,"valueName":"search_term_string"}}],"inLanguage":"es"},{"@type":"Organization","@id":"https:\/\/www.pur-ethanol.com\/es\/#organization","name":"Pur Ethanol","url":"https:\/\/www.pur-ethanol.com\/es\/","logo":{"@type":"ImageObject","inLanguage":"es","@id":"https:\/\/www.pur-ethanol.com\/es\/#\/schema\/logo\/image\/","url":"https:\/\/www.pur-ethanol.com\/wp-content\/uploads\/2019\/07\/logo-couleur-pur-ethanol.png","contentUrl":"https:\/\/www.pur-ethanol.com\/wp-content\/uploads\/2019\/07\/logo-couleur-pur-ethanol.png","width":240,"height":45,"caption":"Pur Ethanol"},"image":{"@id":"https:\/\/www.pur-ethanol.com\/es\/#\/schema\/logo\/image\/"},"sameAs":["https:\/\/www.facebook.com\/pages\/Pur-ethanol\/416380911759072"]}]}},"_links":{"self":[{"href":"https:\/\/www.pur-ethanol.com\/es\/wp-json\/wp\/v2\/pages\/1745","targetHints":{"allow":["GET"]}}],"collection":[{"href":"https:\/\/www.pur-ethanol.com\/es\/wp-json\/wp\/v2\/pages"}],"about":[{"href":"https:\/\/www.pur-ethanol.com\/es\/wp-json\/wp\/v2\/types\/page"}],"author":[{"embeddable":true,"href":"https:\/\/www.pur-ethanol.com\/es\/wp-json\/wp\/v2\/users\/1"}],"replies":[{"embeddable":true,"href":"https:\/\/www.pur-ethanol.com\/es\/wp-json\/wp\/v2\/comments?post=1745"}],"version-history":[{"count":0,"href":"https:\/\/www.pur-ethanol.com\/es\/wp-json\/wp\/v2\/pages\/1745\/revisions"}],"wp:attachment":[{"href":"https:\/\/www.pur-ethanol.com\/es\/wp-json\/wp\/v2\/media?parent=1745"}],"curies":[{"name":"wp","href":"https:\/\/api.w.org\/{rel}","templated":true}]}}