{"id":1741,"date":"2019-07-22T16:33:08","date_gmt":"2019-07-22T14:33:08","guid":{"rendered":"https:\/\/www.pur-ethanol.com\/mentions-legales\/"},"modified":"2026-03-30T09:31:28","modified_gmt":"2026-03-30T07:31:28","slug":"menciones-legales","status":"publish","type":"page","link":"https:\/\/www.pur-ethanol.com\/es\/menciones-legales\/","title":{"rendered":"Menciones Legales"},"content":{"rendered":"<p dir=\"ltr\">El uso de este sitio web equivale a su aceptaci\u00f3n de las siguientes condiciones mencionadas. La empresa Joseph Nadal SAS propietario de la marca Pur-Ethanol puede entablar acciones en caso de infracci\u00f3n, especialmente en caso de uso no autorizado de los nombres y emblemas Pur-Ethanol y (o) Nadal Alcools o en caso de violaci\u00f3n de los derechos de los contenidos del sitio.<\/p>\n<h3 dir=\"ltr\">Editor<\/h3>\n<p dir=\"ltr\">AttrapTemps<br \/>\n70 av Alfred Kastler \u2013 Perpignan<br \/>\n66100 Perpignan \u2013 Francia<\/p>\n<p dir=\"ltr\">N\u00fameros de tel\u00e9fono : 04 68 55 11 31<\/p>\n<p dir=\"ltr\">Dise\u00f1o gr\u00e1fico : AttrapTemps<\/p>\n<p dir=\"ltr\">Realizaci\u00f3n t\u00e9cnica : AttrapTemps<\/p>\n<h3 dir=\"ltr\">Alojamiento &#8211; Seguridad<\/h3>\n<p dir=\"ltr\">AttrapTemps SARL,\u2028 70 av Alfred Kastler \u2013 Perpignan<br \/>\n66100 Perpignan \u2013 Francia<br \/>\nRCS\u00a0407 836 089 000 42<br \/>\nSociedad con un capital social\u00a0 de 30 000 \u20ac<\/p>\n<h3 dir=\"ltr\"><b class=\"b5\">Direcci\u00f3n<\/b><b class=\"b4\">\u00a0d<\/b><b class=\"b3\">e<\/b><b class=\"b4\">\u00a0l<\/b><b class=\"b5\">a publicaci\u00f3n<\/b><\/h3>\n<p dir=\"ltr\">Lionel Nadal<\/p>\n<h3 dir=\"ltr\">Propiedad intelectual<\/h3>\n<p dir=\"ltr\">Con arreglo\u00a0al C\u00f3digo Franc\u00e9s de Propiedad Intelectual,\u00a0y,\u00a0m\u00e1s\u00a0en\u00a0general, a\u00a0los\u00a0tratados\u00a0y acuerdos internacionales que contienen disposiciones relativas a la protecci\u00f3n de los derechos de autor, el visitante se compromete a no reproducir, para un uso que no sea privado, ni a vender, distribuir, transmitir, difundir, adaptar, publicar o comunicar, \u00edntegramente o en parte, en forma alguna, los datos, la presentaci\u00f3n o la organizaci\u00f3n del Sitio o las obras protegidas por derechos de autor que aparecen en el Sitio WEB de Carrier Transicold Europe sin la autorizaci\u00f3n escrita previa y espec\u00edfica del poseedor del derecho de autor relativo a la obra, a la organizaci\u00f3n del Sitio o a los datos reproducidos.<\/p>\n<h3 dir=\"ltr\">Enlaces<\/h3>\n<p dir=\"ltr\">Los encargados\u00a0de\u00a0sitios web que creen\u00a0enlaces\u00a0con este sitio deben\u00a0informar al webmaster. Joseph Nadal SAS declina toda responsabilidad referente\u00a0a la\u00a0elecci\u00f3n, el funcionamiento o el uso de la informaci\u00f3n o los productos contenidos\u00a0en estos sitios web.<\/p>\n<h3 dir=\"ltr\"><b class=\"b5\">Protecci\u00f3n<\/b><b class=\"b4\">\u00a0de l<\/b><b class=\"b5\">os datos personales<\/b><\/h3>\n<div class=\"shortened_begin2\">Puede\u00a0ser\u00a0inducido a\u00a0comunicarnos informaciones personales durante la utilizaci\u00f3n de nuestra p\u00e1gina, principalmente a la hora de solicitarle\u00a0informaci\u00f3n. De\u00a0acuerdo\u00a0con el art\u00edculo\u00a034\u00a0de\u00a0la ley francesa n\u00famero\u00a078-17 del\u00a06 de enero de 1978 relativa a\u00a0la\u00a0inform\u00e1tica, los\u00a0ficheros y las libertades, cualquier usuario que haya depositado en el sitio datos directos o indirectos nominales puede solicitar la comunicaci\u00f3n de los datos personales que le conciernen al administrador del servicio, rectificarlos o suprimirlos, mediante comunicaci\u00f3n escrita con el responsable del sitio o a trav\u00e9s del formulario de contacto.<\/div>\n<h3 dir=\"ltr\">Exenci\u00f3n de responsabilidad<\/h3>\n<p dir=\"ltr\">Considerando que hacemos todas las comprobaciones necesarias para asegurar la exactitud de la informaci\u00f3n presentada en <span class=\"placeholder_begin\">este sitio web, Joseph Nadal SAS<\/span>\u00a0no se hace responsable\u00a0de\u00a0la informaci\u00f3n\u00a0que no sea\u00a0exacta, completa o actual, o para algunas\u00a0de\u00a0las\u00a0consecuencias\u00a0del\u00a0uso de\u00a0dicha informaci\u00f3n.<\/p>\n<h3 dir=\"ltr\">Cookies<\/h3>\n<h4 dir=\"ltr\"><b class=\"b2\">\u00bf Que es un<\/b><b class=\"b3\">a<\/b><b class=\"b4\"> \u00ab<\/b><b class=\"b5\">cookie\u00bb<\/b><b class=\"b4\"> ?<\/b><\/h4>\n<p dir=\"ltr\">Una\u00a0\u00abcookie\u00bb\u00a0es\u00a0un\u00a0registro\u00a0de\u00a0un\u00a0archivo que se deja en\u00a0el\u00a0disco\u00a0duro\u00a0del usuario\u00a0y que guarda datos sobre la visita a\u00a0una p\u00e1gina Web para poder identificar las nuevas visitas a esta p\u00e1gina.<\/p>\n<h4 dir=\"ltr\"><b class=\"b5\">\u00bf D<\/b><b class=\"b4\">ej<\/b><b class=\"b3\">ar d<\/b><b class=\"b2\">e<\/b><b class=\"b3\">\u00a0re<\/b><b class=\"b4\">cib<\/b><b class=\"b5\">ir cookies<\/b>?<\/h4>\n<p dir=\"ltr\">En cualquier momento podr\u00e1 ejercer su derecho de desactivaci\u00f3n o eliminaci\u00f3n de cookies de este sitio web. Estas acciones se realizan de forma diferente en funci\u00f3n del navegador que est\u00e9 utilizando.<\/p>\n","protected":false},"excerpt":{"rendered":"<p>El uso de este sitio web equivale a su aceptaci\u00f3n de las siguientes condiciones mencionadas. La empresa Joseph Nadal SAS propietario de la marca Pur-Ethanol puede entablar acciones en caso de infracci\u00f3n, especialmente en caso de uso no autorizado de los nombres y emblemas Pur-Ethanol y (o) Nadal Alcools o en caso de violaci\u00f3n de [&hellip;]<\/p>\n","protected":false},"author":1,"featured_media":0,"parent":0,"menu_order":0,"comment_status":"closed","ping_status":"closed","template":"","meta":{"_acf_changed":false,"_et_pb_use_builder":"","_et_pb_old_content":"","_et_gb_content_width":"","footnotes":""},"class_list":["post-1741","page","type-page","status-publish","hentry"],"acf":[],"yoast_head":"<!-- This site is optimized with the Yoast SEO plugin v27.6 - https:\/\/yoast.com\/product\/yoast-seo-wordpress\/ -->\n<title>Menciones legales Pur Ethanol - Bio-ethanol de alta calidad<\/title>\n<meta name=\"description\" content=\"Aseg\u00farese de leer las menciones legales Pur-Ethanol para disfrutar de nuestro sitio web en toda seguridad. Pur-Ethanol, su bio-ethanol ecologico.\" \/>\n<meta name=\"robots\" content=\"index, follow, max-snippet:-1, max-image-preview:large, max-video-preview:-1\" \/>\n<link rel=\"canonical\" href=\"https:\/\/www.pur-ethanol.com\/es\/menciones-legales\/\" \/>\n<meta property=\"og:locale\" content=\"es_ES\" \/>\n<meta property=\"og:type\" content=\"article\" \/>\n<meta property=\"og:title\" content=\"Menciones legales Pur Ethanol - Bio-ethanol de alta calidad\" \/>\n<meta property=\"og:description\" content=\"Aseg\u00farese de leer las menciones legales Pur-Ethanol para disfrutar de nuestro sitio web en toda seguridad. Pur-Ethanol, su bio-ethanol ecologico.\" \/>\n<meta property=\"og:url\" content=\"https:\/\/www.pur-ethanol.com\/es\/menciones-legales\/\" \/>\n<meta property=\"og:site_name\" content=\"Pur Ethanol\" \/>\n<meta property=\"article:publisher\" content=\"https:\/\/www.facebook.com\/pages\/Pur-ethanol\/416380911759072\" \/>\n<meta property=\"article:modified_time\" content=\"2026-03-30T07:31:28+00:00\" \/>\n<meta name=\"twitter:card\" content=\"summary_large_image\" \/>\n<meta name=\"twitter:label1\" content=\"Tiempo de lectura\" \/>\n\t<meta name=\"twitter:data1\" content=\"3 minutos\" \/>\n<script type=\"application\/ld+json\" class=\"yoast-schema-graph\">{\"@context\":\"https:\\\/\\\/schema.org\",\"@graph\":[{\"@type\":\"WebPage\",\"@id\":\"https:\\\/\\\/www.pur-ethanol.com\\\/es\\\/menciones-legales\\\/\",\"url\":\"https:\\\/\\\/www.pur-ethanol.com\\\/es\\\/menciones-legales\\\/\",\"name\":\"Menciones legales Pur Ethanol - Bio-ethanol de alta calidad\",\"isPartOf\":{\"@id\":\"https:\\\/\\\/www.pur-ethanol.com\\\/es\\\/#website\"},\"datePublished\":\"2019-07-22T14:33:08+00:00\",\"dateModified\":\"2026-03-30T07:31:28+00:00\",\"description\":\"Aseg\u00farese de leer las menciones legales Pur-Ethanol para disfrutar de nuestro sitio web en toda seguridad. Pur-Ethanol, su bio-ethanol ecologico.\",\"breadcrumb\":{\"@id\":\"https:\\\/\\\/www.pur-ethanol.com\\\/es\\\/menciones-legales\\\/#breadcrumb\"},\"inLanguage\":\"es\",\"potentialAction\":[{\"@type\":\"ReadAction\",\"target\":[\"https:\\\/\\\/www.pur-ethanol.com\\\/es\\\/menciones-legales\\\/\"]}]},{\"@type\":\"BreadcrumbList\",\"@id\":\"https:\\\/\\\/www.pur-ethanol.com\\\/es\\\/menciones-legales\\\/#breadcrumb\",\"itemListElement\":[{\"@type\":\"ListItem\",\"position\":1,\"name\":\"Accueil\",\"item\":\"https:\\\/\\\/www.pur-ethanol.com\\\/es\\\/\"},{\"@type\":\"ListItem\",\"position\":2,\"name\":\"Menciones Legales\"}]},{\"@type\":\"WebSite\",\"@id\":\"https:\\\/\\\/www.pur-ethanol.com\\\/es\\\/#website\",\"url\":\"https:\\\/\\\/www.pur-ethanol.com\\\/es\\\/\",\"name\":\"Pur Ethanol\",\"description\":\"Votre source bio-\u00e9thanol pour chemin\u00e9e par Nadal Alcools\",\"publisher\":{\"@id\":\"https:\\\/\\\/www.pur-ethanol.com\\\/es\\\/#organization\"},\"potentialAction\":[{\"@type\":\"SearchAction\",\"target\":{\"@type\":\"EntryPoint\",\"urlTemplate\":\"https:\\\/\\\/www.pur-ethanol.com\\\/es\\\/?s={search_term_string}\"},\"query-input\":{\"@type\":\"PropertyValueSpecification\",\"valueRequired\":true,\"valueName\":\"search_term_string\"}}],\"inLanguage\":\"es\"},{\"@type\":\"Organization\",\"@id\":\"https:\\\/\\\/www.pur-ethanol.com\\\/es\\\/#organization\",\"name\":\"Pur Ethanol\",\"url\":\"https:\\\/\\\/www.pur-ethanol.com\\\/es\\\/\",\"logo\":{\"@type\":\"ImageObject\",\"inLanguage\":\"es\",\"@id\":\"https:\\\/\\\/www.pur-ethanol.com\\\/es\\\/#\\\/schema\\\/logo\\\/image\\\/\",\"url\":\"https:\\\/\\\/www.pur-ethanol.com\\\/wp-content\\\/uploads\\\/2019\\\/07\\\/logo-couleur-pur-ethanol.png\",\"contentUrl\":\"https:\\\/\\\/www.pur-ethanol.com\\\/wp-content\\\/uploads\\\/2019\\\/07\\\/logo-couleur-pur-ethanol.png\",\"width\":240,\"height\":45,\"caption\":\"Pur Ethanol\"},\"image\":{\"@id\":\"https:\\\/\\\/www.pur-ethanol.com\\\/es\\\/#\\\/schema\\\/logo\\\/image\\\/\"},\"sameAs\":[\"https:\\\/\\\/www.facebook.com\\\/pages\\\/Pur-ethanol\\\/416380911759072\"]}]}<\/script>\n<!-- \/ Yoast SEO plugin. -->","yoast_head_json":{"title":"Menciones legales Pur Ethanol - Bio-ethanol de alta calidad","description":"Aseg\u00farese de leer las menciones legales Pur-Ethanol para disfrutar de nuestro sitio web en toda seguridad. Pur-Ethanol, su bio-ethanol ecologico.","robots":{"index":"index","follow":"follow","max-snippet":"max-snippet:-1","max-image-preview":"max-image-preview:large","max-video-preview":"max-video-preview:-1"},"canonical":"https:\/\/www.pur-ethanol.com\/es\/menciones-legales\/","og_locale":"es_ES","og_type":"article","og_title":"Menciones legales Pur Ethanol - Bio-ethanol de alta calidad","og_description":"Aseg\u00farese de leer las menciones legales Pur-Ethanol para disfrutar de nuestro sitio web en toda seguridad. Pur-Ethanol, su bio-ethanol ecologico.","og_url":"https:\/\/www.pur-ethanol.com\/es\/menciones-legales\/","og_site_name":"Pur Ethanol","article_publisher":"https:\/\/www.facebook.com\/pages\/Pur-ethanol\/416380911759072","article_modified_time":"2026-03-30T07:31:28+00:00","twitter_card":"summary_large_image","twitter_misc":{"Tiempo de lectura":"3 minutos"},"schema":{"@context":"https:\/\/schema.org","@graph":[{"@type":"WebPage","@id":"https:\/\/www.pur-ethanol.com\/es\/menciones-legales\/","url":"https:\/\/www.pur-ethanol.com\/es\/menciones-legales\/","name":"Menciones legales Pur Ethanol - Bio-ethanol de alta calidad","isPartOf":{"@id":"https:\/\/www.pur-ethanol.com\/es\/#website"},"datePublished":"2019-07-22T14:33:08+00:00","dateModified":"2026-03-30T07:31:28+00:00","description":"Aseg\u00farese de leer las menciones legales Pur-Ethanol para disfrutar de nuestro sitio web en toda seguridad. Pur-Ethanol, su bio-ethanol ecologico.","breadcrumb":{"@id":"https:\/\/www.pur-ethanol.com\/es\/menciones-legales\/#breadcrumb"},"inLanguage":"es","potentialAction":[{"@type":"ReadAction","target":["https:\/\/www.pur-ethanol.com\/es\/menciones-legales\/"]}]},{"@type":"BreadcrumbList","@id":"https:\/\/www.pur-ethanol.com\/es\/menciones-legales\/#breadcrumb","itemListElement":[{"@type":"ListItem","position":1,"name":"Accueil","item":"https:\/\/www.pur-ethanol.com\/es\/"},{"@type":"ListItem","position":2,"name":"Menciones Legales"}]},{"@type":"WebSite","@id":"https:\/\/www.pur-ethanol.com\/es\/#website","url":"https:\/\/www.pur-ethanol.com\/es\/","name":"Pur Ethanol","description":"Votre source bio-\u00e9thanol pour chemin\u00e9e par Nadal Alcools","publisher":{"@id":"https:\/\/www.pur-ethanol.com\/es\/#organization"},"potentialAction":[{"@type":"SearchAction","target":{"@type":"EntryPoint","urlTemplate":"https:\/\/www.pur-ethanol.com\/es\/?s={search_term_string}"},"query-input":{"@type":"PropertyValueSpecification","valueRequired":true,"valueName":"search_term_string"}}],"inLanguage":"es"},{"@type":"Organization","@id":"https:\/\/www.pur-ethanol.com\/es\/#organization","name":"Pur Ethanol","url":"https:\/\/www.pur-ethanol.com\/es\/","logo":{"@type":"ImageObject","inLanguage":"es","@id":"https:\/\/www.pur-ethanol.com\/es\/#\/schema\/logo\/image\/","url":"https:\/\/www.pur-ethanol.com\/wp-content\/uploads\/2019\/07\/logo-couleur-pur-ethanol.png","contentUrl":"https:\/\/www.pur-ethanol.com\/wp-content\/uploads\/2019\/07\/logo-couleur-pur-ethanol.png","width":240,"height":45,"caption":"Pur Ethanol"},"image":{"@id":"https:\/\/www.pur-ethanol.com\/es\/#\/schema\/logo\/image\/"},"sameAs":["https:\/\/www.facebook.com\/pages\/Pur-ethanol\/416380911759072"]}]}},"_links":{"self":[{"href":"https:\/\/www.pur-ethanol.com\/es\/wp-json\/wp\/v2\/pages\/1741","targetHints":{"allow":["GET"]}}],"collection":[{"href":"https:\/\/www.pur-ethanol.com\/es\/wp-json\/wp\/v2\/pages"}],"about":[{"href":"https:\/\/www.pur-ethanol.com\/es\/wp-json\/wp\/v2\/types\/page"}],"author":[{"embeddable":true,"href":"https:\/\/www.pur-ethanol.com\/es\/wp-json\/wp\/v2\/users\/1"}],"replies":[{"embeddable":true,"href":"https:\/\/www.pur-ethanol.com\/es\/wp-json\/wp\/v2\/comments?post=1741"}],"version-history":[{"count":2,"href":"https:\/\/www.pur-ethanol.com\/es\/wp-json\/wp\/v2\/pages\/1741\/revisions"}],"predecessor-version":[{"id":113995,"href":"https:\/\/www.pur-ethanol.com\/es\/wp-json\/wp\/v2\/pages\/1741\/revisions\/113995"}],"wp:attachment":[{"href":"https:\/\/www.pur-ethanol.com\/es\/wp-json\/wp\/v2\/media?parent=1741"}],"curies":[{"name":"wp","href":"https:\/\/api.w.org\/{rel}","templated":true}]}}