{"id":1738,"date":"2019-09-23T14:51:26","date_gmt":"2019-09-23T12:51:26","guid":{"rendered":"https:\/\/www.pur-ethanol.com\/aide\/"},"modified":"2026-04-14T12:05:31","modified_gmt":"2026-04-14T10:05:31","slug":"ayuda","status":"publish","type":"page","link":"https:\/\/www.pur-ethanol.com\/es\/ayuda\/","title":{"rendered":"Preguntas frecuentes"},"content":{"rendered":"<p style=\"text-align: center\">Para que quede totalmente satisfecho, nuestro equipo ha recopilado las preguntas m\u00e1s frecuentes y se propone resolverlas con la mayor precisi\u00f3n posible.<\/p>\n<p style=\"text-align: center\">Si no encuentra la respuesta a su pregunta, le invitamos a ponerse en contacto con nosotros haciendo <a href=\"https:\/\/www.pur-ethanol.com\/es\/contactar-pur-ethanol\/\">clic aqu\u00ed<\/a>. Nuestro equipo estar\u00e1 encantado de ayudarle.<\/p>\n<p style=\"text-align: center\">Tambi\u00e9n puede encontrar la informaci\u00f3n que busca en una de estas secciones de nuestro sitio web :<\/p>\n<p style=\"text-align: center\"><a href=\"https:\/\/www.pur-ethanol.com\/es\/pur-ethanol\/\">Qui\u00e9n somos<\/a> &#8211; <a href=\"https:\/\/www.pur-ethanol.com\/es\/qualite-premium\/\">Nuestro bioetanol<\/a> &#8211; <a href=\"https:\/\/www.pur-ethanol.com\/es\/blog\/\">Art\u00edculos<\/a> \u2013 <a href=\"https:\/\/www.pur-ethanol.com\/es\/mi-cuenta\/\">Su cuenta Pur-Ethanol<\/a><\/p>\n","protected":false},"excerpt":{"rendered":"<p>Para que quede totalmente satisfecho, nuestro equipo ha recopilado las preguntas m\u00e1s frecuentes y se propone resolverlas con la mayor precisi\u00f3n posible. Si no encuentra la respuesta a su pregunta, le invitamos a ponerse en contacto con nosotros haciendo clic aqu\u00ed. Nuestro equipo estar\u00e1 encantado de ayudarle. Tambi\u00e9n puede encontrar la informaci\u00f3n que busca en [&hellip;]<\/p>\n","protected":false},"author":1,"featured_media":0,"parent":0,"menu_order":0,"comment_status":"closed","ping_status":"closed","template":"","meta":{"_acf_changed":false,"_et_pb_use_builder":"","_et_pb_old_content":"","_et_gb_content_width":"","footnotes":""},"class_list":["post-1738","page","type-page","status-publish","hentry"],"acf":[],"yoast_head":"<!-- This site is optimized with the Yoast SEO plugin v27.3 - https:\/\/yoast.com\/product\/yoast-seo-wordpress\/ -->\n<title>Preguntas frecuentes Pur Ethanol - Bioethanol de calidad<\/title>\n<meta name=\"description\" content=\"Encuentra rapidamente las respuestas a sus preguntas visitando la pagina Preguntas frecuentes en nuestro sitio Pur Ethanol !\" \/>\n<meta name=\"robots\" content=\"index, follow, max-snippet:-1, max-image-preview:large, max-video-preview:-1\" \/>\n<link rel=\"canonical\" href=\"https:\/\/www.pur-ethanol.com\/es\/ayuda\/\" \/>\n<meta property=\"og:locale\" content=\"es_ES\" \/>\n<meta property=\"og:type\" content=\"article\" \/>\n<meta property=\"og:title\" content=\"Preguntas frecuentes Pur Ethanol - Bioethanol de calidad\" \/>\n<meta property=\"og:description\" content=\"Encuentra rapidamente las respuestas a sus preguntas visitando la pagina Preguntas frecuentes en nuestro sitio Pur Ethanol !\" \/>\n<meta property=\"og:url\" content=\"https:\/\/www.pur-ethanol.com\/es\/ayuda\/\" \/>\n<meta property=\"og:site_name\" content=\"Pur Ethanol\" \/>\n<meta property=\"article:publisher\" content=\"https:\/\/www.facebook.com\/pages\/Pur-ethanol\/416380911759072\" \/>\n<meta property=\"article:modified_time\" content=\"2026-04-14T10:05:31+00:00\" \/>\n<meta name=\"twitter:card\" content=\"summary_large_image\" \/>\n<meta name=\"twitter:label1\" content=\"Tiempo de lectura\" \/>\n\t<meta name=\"twitter:data1\" content=\"4 minutos\" \/>\n<script type=\"application\/ld+json\" class=\"yoast-schema-graph\">{\"@context\":\"https:\\\/\\\/schema.org\",\"@graph\":[{\"@type\":\"WebPage\",\"@id\":\"https:\\\/\\\/www.pur-ethanol.com\\\/es\\\/ayuda\\\/\",\"url\":\"https:\\\/\\\/www.pur-ethanol.com\\\/es\\\/ayuda\\\/\",\"name\":\"Preguntas frecuentes Pur Ethanol - Bioethanol de calidad\",\"isPartOf\":{\"@id\":\"https:\\\/\\\/www.pur-ethanol.com\\\/es\\\/#website\"},\"datePublished\":\"2019-09-23T12:51:26+00:00\",\"dateModified\":\"2026-04-14T10:05:31+00:00\",\"description\":\"Encuentra rapidamente las respuestas a sus preguntas visitando la pagina Preguntas frecuentes en nuestro sitio Pur Ethanol !\",\"breadcrumb\":{\"@id\":\"https:\\\/\\\/www.pur-ethanol.com\\\/es\\\/ayuda\\\/#breadcrumb\"},\"inLanguage\":\"es\",\"potentialAction\":[{\"@type\":\"ReadAction\",\"target\":[\"https:\\\/\\\/www.pur-ethanol.com\\\/es\\\/ayuda\\\/\"]}]},{\"@type\":\"BreadcrumbList\",\"@id\":\"https:\\\/\\\/www.pur-ethanol.com\\\/es\\\/ayuda\\\/#breadcrumb\",\"itemListElement\":[{\"@type\":\"ListItem\",\"position\":1,\"name\":\"Accueil\",\"item\":\"https:\\\/\\\/www.pur-ethanol.com\\\/es\\\/\"},{\"@type\":\"ListItem\",\"position\":2,\"name\":\"Preguntas frecuentes\"}]},{\"@type\":\"WebSite\",\"@id\":\"https:\\\/\\\/www.pur-ethanol.com\\\/es\\\/#website\",\"url\":\"https:\\\/\\\/www.pur-ethanol.com\\\/es\\\/\",\"name\":\"Pur Ethanol\",\"description\":\"Votre source bio-\u00e9thanol pour chemin\u00e9e par Nadal Alcools\",\"publisher\":{\"@id\":\"https:\\\/\\\/www.pur-ethanol.com\\\/es\\\/#organization\"},\"potentialAction\":[{\"@type\":\"SearchAction\",\"target\":{\"@type\":\"EntryPoint\",\"urlTemplate\":\"https:\\\/\\\/www.pur-ethanol.com\\\/es\\\/?s={search_term_string}\"},\"query-input\":{\"@type\":\"PropertyValueSpecification\",\"valueRequired\":true,\"valueName\":\"search_term_string\"}}],\"inLanguage\":\"es\"},{\"@type\":\"Organization\",\"@id\":\"https:\\\/\\\/www.pur-ethanol.com\\\/es\\\/#organization\",\"name\":\"Pur Ethanol\",\"url\":\"https:\\\/\\\/www.pur-ethanol.com\\\/es\\\/\",\"logo\":{\"@type\":\"ImageObject\",\"inLanguage\":\"es\",\"@id\":\"https:\\\/\\\/www.pur-ethanol.com\\\/es\\\/#\\\/schema\\\/logo\\\/image\\\/\",\"url\":\"https:\\\/\\\/www.pur-ethanol.com\\\/wp-content\\\/uploads\\\/2019\\\/07\\\/logo-couleur-pur-ethanol.png\",\"contentUrl\":\"https:\\\/\\\/www.pur-ethanol.com\\\/wp-content\\\/uploads\\\/2019\\\/07\\\/logo-couleur-pur-ethanol.png\",\"width\":240,\"height\":45,\"caption\":\"Pur Ethanol\"},\"image\":{\"@id\":\"https:\\\/\\\/www.pur-ethanol.com\\\/es\\\/#\\\/schema\\\/logo\\\/image\\\/\"},\"sameAs\":[\"https:\\\/\\\/www.facebook.com\\\/pages\\\/Pur-ethanol\\\/416380911759072\"]}]}<\/script>\n<!-- \/ Yoast SEO plugin. -->","yoast_head_json":{"title":"Preguntas frecuentes Pur Ethanol - Bioethanol de calidad","description":"Encuentra rapidamente las respuestas a sus preguntas visitando la pagina Preguntas frecuentes en nuestro sitio Pur Ethanol !","robots":{"index":"index","follow":"follow","max-snippet":"max-snippet:-1","max-image-preview":"max-image-preview:large","max-video-preview":"max-video-preview:-1"},"canonical":"https:\/\/www.pur-ethanol.com\/es\/ayuda\/","og_locale":"es_ES","og_type":"article","og_title":"Preguntas frecuentes Pur Ethanol - Bioethanol de calidad","og_description":"Encuentra rapidamente las respuestas a sus preguntas visitando la pagina Preguntas frecuentes en nuestro sitio Pur Ethanol !","og_url":"https:\/\/www.pur-ethanol.com\/es\/ayuda\/","og_site_name":"Pur Ethanol","article_publisher":"https:\/\/www.facebook.com\/pages\/Pur-ethanol\/416380911759072","article_modified_time":"2026-04-14T10:05:31+00:00","twitter_card":"summary_large_image","twitter_misc":{"Tiempo de lectura":"4 minutos"},"schema":{"@context":"https:\/\/schema.org","@graph":[{"@type":"WebPage","@id":"https:\/\/www.pur-ethanol.com\/es\/ayuda\/","url":"https:\/\/www.pur-ethanol.com\/es\/ayuda\/","name":"Preguntas frecuentes Pur Ethanol - Bioethanol de calidad","isPartOf":{"@id":"https:\/\/www.pur-ethanol.com\/es\/#website"},"datePublished":"2019-09-23T12:51:26+00:00","dateModified":"2026-04-14T10:05:31+00:00","description":"Encuentra rapidamente las respuestas a sus preguntas visitando la pagina Preguntas frecuentes en nuestro sitio Pur Ethanol !","breadcrumb":{"@id":"https:\/\/www.pur-ethanol.com\/es\/ayuda\/#breadcrumb"},"inLanguage":"es","potentialAction":[{"@type":"ReadAction","target":["https:\/\/www.pur-ethanol.com\/es\/ayuda\/"]}]},{"@type":"BreadcrumbList","@id":"https:\/\/www.pur-ethanol.com\/es\/ayuda\/#breadcrumb","itemListElement":[{"@type":"ListItem","position":1,"name":"Accueil","item":"https:\/\/www.pur-ethanol.com\/es\/"},{"@type":"ListItem","position":2,"name":"Preguntas frecuentes"}]},{"@type":"WebSite","@id":"https:\/\/www.pur-ethanol.com\/es\/#website","url":"https:\/\/www.pur-ethanol.com\/es\/","name":"Pur Ethanol","description":"Votre source bio-\u00e9thanol pour chemin\u00e9e par Nadal Alcools","publisher":{"@id":"https:\/\/www.pur-ethanol.com\/es\/#organization"},"potentialAction":[{"@type":"SearchAction","target":{"@type":"EntryPoint","urlTemplate":"https:\/\/www.pur-ethanol.com\/es\/?s={search_term_string}"},"query-input":{"@type":"PropertyValueSpecification","valueRequired":true,"valueName":"search_term_string"}}],"inLanguage":"es"},{"@type":"Organization","@id":"https:\/\/www.pur-ethanol.com\/es\/#organization","name":"Pur Ethanol","url":"https:\/\/www.pur-ethanol.com\/es\/","logo":{"@type":"ImageObject","inLanguage":"es","@id":"https:\/\/www.pur-ethanol.com\/es\/#\/schema\/logo\/image\/","url":"https:\/\/www.pur-ethanol.com\/wp-content\/uploads\/2019\/07\/logo-couleur-pur-ethanol.png","contentUrl":"https:\/\/www.pur-ethanol.com\/wp-content\/uploads\/2019\/07\/logo-couleur-pur-ethanol.png","width":240,"height":45,"caption":"Pur Ethanol"},"image":{"@id":"https:\/\/www.pur-ethanol.com\/es\/#\/schema\/logo\/image\/"},"sameAs":["https:\/\/www.facebook.com\/pages\/Pur-ethanol\/416380911759072"]}]}},"_links":{"self":[{"href":"https:\/\/www.pur-ethanol.com\/es\/wp-json\/wp\/v2\/pages\/1738","targetHints":{"allow":["GET"]}}],"collection":[{"href":"https:\/\/www.pur-ethanol.com\/es\/wp-json\/wp\/v2\/pages"}],"about":[{"href":"https:\/\/www.pur-ethanol.com\/es\/wp-json\/wp\/v2\/types\/page"}],"author":[{"embeddable":true,"href":"https:\/\/www.pur-ethanol.com\/es\/wp-json\/wp\/v2\/users\/1"}],"replies":[{"embeddable":true,"href":"https:\/\/www.pur-ethanol.com\/es\/wp-json\/wp\/v2\/comments?post=1738"}],"version-history":[{"count":5,"href":"https:\/\/www.pur-ethanol.com\/es\/wp-json\/wp\/v2\/pages\/1738\/revisions"}],"predecessor-version":[{"id":114119,"href":"https:\/\/www.pur-ethanol.com\/es\/wp-json\/wp\/v2\/pages\/1738\/revisions\/114119"}],"wp:attachment":[{"href":"https:\/\/www.pur-ethanol.com\/es\/wp-json\/wp\/v2\/media?parent=1738"}],"curies":[{"name":"wp","href":"https:\/\/api.w.org\/{rel}","templated":true}]}}