{"id":1735,"date":"2019-07-22T16:00:16","date_gmt":"2019-07-22T14:00:16","guid":{"rendered":"https:\/\/www.pur-ethanol.com\/conditions-generales-de-vente\/"},"modified":"2026-03-30T09:33:31","modified_gmt":"2026-03-30T07:33:31","slug":"condiciones-generales-de-venta","status":"publish","type":"page","link":"https:\/\/www.pur-ethanol.com\/es\/condiciones-generales-de-venta\/","title":{"rendered":"Condiciones generales de venta"},"content":{"rendered":"<p>Las presentes condiciones generales de venta se aplican en su integralidad a todas las ventas realizadas a partir de nuestras p\u00e1ginas de venta en l\u00ednea pur-ethanol y shop.nadal-alcools.com. Prevalecen sobre todas las condiciones generales de compra, cualquiera que sean los t\u00e9rminos, incluso sobre las que figurar\u00edan en la orden de pedido del cliente. Cualquier otra condici\u00f3n que emane del cliente, con tal que no est\u00e9 en contradicci\u00f3n con las presentes, s\u00f3lo es v\u00e1lida si ha sido aceptada por la SAS JOSEPH NADAL, de manera previa y expresa. As\u00ed todo pedido que no es objeto de un acuerdo particular, implica el conocimiento y la aceptaci\u00f3n sin reserva de las Condiciones Generales de Venta y Comercio de la SAS JOSEPH NADAL.<\/p>\n<h2>I. CONDICIONES DE ENTREGA<\/h2>\n<p>La entrega se efectua a trav\u00e9s de un servicio express para los pedidos de un peso inferior a 45 kg, y por servicio de mensajer\u00eda a partir de 45 kg y para la exportaci\u00f3n, lo cual est\u00e1 generalmente indicado en nuestros sitios internet.<\/p>\n<p>El precio aparece en el recapitulativo del pedido si no se incluye en la tarifa del producto encargado. La SAS JOSEPH NADAL no puede ser tenida responsable de retraso o problema vinculados a la entrega, estando \u00e9sta bajo la responsabilidad del prestador de servicios.<\/p>\n<p>El plazo medio de entrega es de entre 24 y 48h para el servicio express y entre 48h y 96h para el servicio de mensajer\u00eda seg\u00fan el departamento y el pa\u00eds de destino. Para los alcoholes de calidad alimentaria no desvirtuados el comprador declara estar habilitado por la administraci\u00f3n para recibir alcoholes et\u00edlicos bajo el r\u00e9gimen de los DCA (Documento Mercantil de Acompa\u00f1amiento) o DSAC (Documento Simplificado de Acompa\u00f1amiento Comercial) para el control fiscal de los productos sujetos a impuestos especiales sobre el consumo en r\u00e9gimen de suspensi\u00f3n y exenci\u00f3n de derechos. El cliente soportar\u00e1 toda penalizaci\u00f3n que podr\u00eda ser reclamada por la administraci\u00f3n, por toda infracci\u00f3n de esta norma. Esto no se refiere a pur-ethanol, que es un producto desvirtuado no destinado al uso alimentario.<\/p>\n<h2>II.PEDIDO Y CONDICIONES DE VENTA<\/h2>\n<p>Nuestros productos se ajustan a las normas en vigor. Los precios tienen en cuenta el IVA aplicable en el d\u00eda del pedido. Se indican TTC (todos impuestos incluidos) en pur-ethanol y HT (libres de impuestos) en shop.nadal-alcools.com, que est\u00e1 destinado a los profesionales. La SAS JOSEPH NADAL se reserva el derecho de modificar sus precios en cualquier momento. El precio garantizado al comprador es el indicado en la p\u00e1gina internet en el momento de la compra, bajo reserva de error o de cambio t\u00e9cnico. El pedido se hace en varias etapas. El cliente debe llenar su cesta de productos, elegir su modo de pago y validar su pedido. Todo pedido implica la aceptaci\u00f3n de las presentes condiciones generales de venta.<\/p>\n<h2>III. PAGO<\/h2>\n<p>El cliente elige su modo de pago en l\u00ednea.<\/p>\n<h2>IV. CL\u00c1USULA DE RESERVA DE PROPIEDAD<\/h2>\n<p>Los productos encargados siguen siendo propiedad de la SAS JOSEPH NADAL hasta el pago definitivo e \u00edntegro del importe total del pedido.<\/p>\n<h2>V. CONFORMIDAD &#8211; RECEPCI\u00d3N &#8211; RECLAMACIONES &#8211; GARANTIA<\/h2>\n<p>La responsabilidad de la SAS JOSEPH NADAL excluye todos los da\u00f1os y perjuicios que no ser\u00edan consecutivos a una disconformidad del producto con relaci\u00f3n a sus especificaciones y todos los da\u00f1os y perjuicios vinculados a perjuicios indirectos y\/o inmateriales. La calidad y el estado de los productos deben comprobarse imperativamente en el momento de la entrega seg\u00fan lo dispuesto en el art\u00edculo I m\u00e1s arriba. Los gastos y los riesgos correspondientes a la comprobaci\u00f3n de los productos correr\u00e1n a cuenta del cliente.<\/p>\n<p>El cliente dispone de un plazo de 3 d\u00edas a partir de la entrega para declarar todas las reservas o reclamaciones por no conformidad o defecto aparente de los art\u00edculos suministrados, por e-mail mediante el formulario de contacto; o por correo certificado con dict\u00e1men de recepci\u00f3n a la siguiente direcci\u00f3n: Joseph NADAL SAS, Servicio Cliente, 12 rue des Cigognes 66700 Argeles sur Mer (Francia). Pasado este plazo y sin haber respetado esta formalidad, los art\u00edculos se habr\u00e1n considerado conformes y y libres de todo defecto aparente y ninguna reclamaci\u00f3n podr\u00e1 aceptarse v\u00e1lidamente por Joseph Nadal SAS. Si el defecto aparente o el defecto de conformidad del art\u00edculo se prueban, Joseph Nadal SAS se compromete a proceder a la sustituci\u00f3n del art\u00edculo o a reembolsar al cliente cuanto antes y por cuenta suya. Este reembolso se producir\u00e1 en un plazo m\u00e1ximo de 30 d\u00edas. Joseph Nadal SAS no podr\u00eda sin embargo ser considerado como responsable de la mala utilizaci\u00f3n y\/o el uso de los art\u00edculos que podr\u00eda hacer el cliente.<\/p>\n<p>Ser\u00e1n asunto personal del comprador todos los posibles recursos contra los transportistas, expedidores, etc, en caso de carencias, da\u00f1os, retrasos u otros.<\/p>\n<h2>VI. DEVOLUCI\u00d3N DE LAS MERCANC\u00cdAS<\/h2>\n<p>Toda devoluci\u00f3n de mercanc\u00eda debe ser objeto de un acuerdo previo escrito por la SAS JOSEPH NADAL. En caso de devoluci\u00f3n de alcohol, la nota de cr\u00e9dito, si la hay, se efectuar\u00e1 sobre la base de peso o volumen reconocido a su llegada a la SAS JOSEPH NADAL. Para los productos no desvirtuados de los procedimientos aduaneros, \u00e9stos deben establecerse. El cliente se compromete a no devolver la mercanc\u00eda sin previamente haberlos establecido con la sociedad Joseph Nadal SAS.<\/p>\n<h2>VII. FUERZA MAYOR<\/h2>\n<p>La SAS JOSEPH NADAL se reserva la facultad de suspender total o parcialmente la venta y los pedidos en caso de acontecimiento de fuerza mayor exterior a la voluntad de las partes, insuperable e irresistible, y\/o de casos fortuitos como, en particular, el embargo, la escasez de materias primas, la helada, la huelga, el cierre.<\/p>\n<h2>VIII. LITIGIOS<\/h2>\n<p>Todo conflicto, de la naturaleza que sea, es competencia exclusiva del Tribunal de Comercio de Perpign\u00e1n, incluso en caso de pluralidad de los demandados o de llamada de garant\u00eda, el derecho franc\u00e9s siendo el \u00fanico aplicable.<\/p>\n","protected":false},"excerpt":{"rendered":"<p>Las presentes condiciones generales de venta se aplican en su integralidad a todas las ventas realizadas a partir de nuestras p\u00e1ginas de venta en l\u00ednea pur-ethanol y shop.nadal-alcools.com. Prevalecen sobre todas las condiciones generales de compra, cualquiera que sean los t\u00e9rminos, incluso sobre las que figurar\u00edan en la orden de pedido del cliente. Cualquier otra [&hellip;]<\/p>\n","protected":false},"author":1,"featured_media":0,"parent":0,"menu_order":0,"comment_status":"closed","ping_status":"closed","template":"","meta":{"_acf_changed":false,"_et_pb_use_builder":"","_et_pb_old_content":"","_et_gb_content_width":"","footnotes":""},"class_list":["post-1735","page","type-page","status-publish","hentry"],"acf":[],"yoast_head":"<!-- This site is optimized with the Yoast SEO plugin v27.6 - https:\/\/yoast.com\/product\/yoast-seo-wordpress\/ -->\n<title>Condiciones generales de venta y env\u00edo - Pur Ethanol<\/title>\n<meta name=\"description\" content=\"Informarse sobre los condiciones generales de venta online et de envio de nuestro bio\u00e9tanol biologico sin olor para chimeneas.\" \/>\n<meta name=\"robots\" content=\"index, follow, max-snippet:-1, max-image-preview:large, max-video-preview:-1\" \/>\n<link rel=\"canonical\" href=\"https:\/\/www.pur-ethanol.com\/es\/condiciones-generales-de-venta\/\" \/>\n<meta property=\"og:locale\" content=\"es_ES\" \/>\n<meta property=\"og:type\" content=\"article\" \/>\n<meta property=\"og:title\" content=\"Condiciones generales de venta y env\u00edo - Pur Ethanol\" \/>\n<meta property=\"og:description\" content=\"Informarse sobre los condiciones generales de venta online et de envio de nuestro bio\u00e9tanol biologico sin olor para chimeneas.\" \/>\n<meta property=\"og:url\" content=\"https:\/\/www.pur-ethanol.com\/es\/condiciones-generales-de-venta\/\" \/>\n<meta property=\"og:site_name\" content=\"Pur Ethanol\" \/>\n<meta property=\"article:publisher\" content=\"https:\/\/www.facebook.com\/pages\/Pur-ethanol\/416380911759072\" \/>\n<meta property=\"article:modified_time\" content=\"2026-03-30T07:33:31+00:00\" \/>\n<meta name=\"twitter:card\" content=\"summary_large_image\" \/>\n<meta name=\"twitter:label1\" content=\"Tiempo de lectura\" \/>\n\t<meta name=\"twitter:data1\" content=\"5 minutos\" \/>\n<script type=\"application\/ld+json\" class=\"yoast-schema-graph\">{\"@context\":\"https:\\\/\\\/schema.org\",\"@graph\":[{\"@type\":\"WebPage\",\"@id\":\"https:\\\/\\\/www.pur-ethanol.com\\\/es\\\/condiciones-generales-de-venta\\\/\",\"url\":\"https:\\\/\\\/www.pur-ethanol.com\\\/es\\\/condiciones-generales-de-venta\\\/\",\"name\":\"Condiciones generales de venta y env\u00edo - Pur Ethanol\",\"isPartOf\":{\"@id\":\"https:\\\/\\\/www.pur-ethanol.com\\\/es\\\/#website\"},\"datePublished\":\"2019-07-22T14:00:16+00:00\",\"dateModified\":\"2026-03-30T07:33:31+00:00\",\"description\":\"Informarse sobre los condiciones generales de venta online et de envio de nuestro bio\u00e9tanol biologico sin olor para chimeneas.\",\"breadcrumb\":{\"@id\":\"https:\\\/\\\/www.pur-ethanol.com\\\/es\\\/condiciones-generales-de-venta\\\/#breadcrumb\"},\"inLanguage\":\"es\",\"potentialAction\":[{\"@type\":\"ReadAction\",\"target\":[\"https:\\\/\\\/www.pur-ethanol.com\\\/es\\\/condiciones-generales-de-venta\\\/\"]}]},{\"@type\":\"BreadcrumbList\",\"@id\":\"https:\\\/\\\/www.pur-ethanol.com\\\/es\\\/condiciones-generales-de-venta\\\/#breadcrumb\",\"itemListElement\":[{\"@type\":\"ListItem\",\"position\":1,\"name\":\"Accueil\",\"item\":\"https:\\\/\\\/www.pur-ethanol.com\\\/es\\\/\"},{\"@type\":\"ListItem\",\"position\":2,\"name\":\"Condiciones generales de venta\"}]},{\"@type\":\"WebSite\",\"@id\":\"https:\\\/\\\/www.pur-ethanol.com\\\/es\\\/#website\",\"url\":\"https:\\\/\\\/www.pur-ethanol.com\\\/es\\\/\",\"name\":\"Pur Ethanol\",\"description\":\"Votre source bio-\u00e9thanol pour chemin\u00e9e par Nadal Alcools\",\"publisher\":{\"@id\":\"https:\\\/\\\/www.pur-ethanol.com\\\/es\\\/#organization\"},\"potentialAction\":[{\"@type\":\"SearchAction\",\"target\":{\"@type\":\"EntryPoint\",\"urlTemplate\":\"https:\\\/\\\/www.pur-ethanol.com\\\/es\\\/?s={search_term_string}\"},\"query-input\":{\"@type\":\"PropertyValueSpecification\",\"valueRequired\":true,\"valueName\":\"search_term_string\"}}],\"inLanguage\":\"es\"},{\"@type\":\"Organization\",\"@id\":\"https:\\\/\\\/www.pur-ethanol.com\\\/es\\\/#organization\",\"name\":\"Pur Ethanol\",\"url\":\"https:\\\/\\\/www.pur-ethanol.com\\\/es\\\/\",\"logo\":{\"@type\":\"ImageObject\",\"inLanguage\":\"es\",\"@id\":\"https:\\\/\\\/www.pur-ethanol.com\\\/es\\\/#\\\/schema\\\/logo\\\/image\\\/\",\"url\":\"https:\\\/\\\/www.pur-ethanol.com\\\/wp-content\\\/uploads\\\/2019\\\/07\\\/logo-couleur-pur-ethanol.png\",\"contentUrl\":\"https:\\\/\\\/www.pur-ethanol.com\\\/wp-content\\\/uploads\\\/2019\\\/07\\\/logo-couleur-pur-ethanol.png\",\"width\":240,\"height\":45,\"caption\":\"Pur Ethanol\"},\"image\":{\"@id\":\"https:\\\/\\\/www.pur-ethanol.com\\\/es\\\/#\\\/schema\\\/logo\\\/image\\\/\"},\"sameAs\":[\"https:\\\/\\\/www.facebook.com\\\/pages\\\/Pur-ethanol\\\/416380911759072\"]}]}<\/script>\n<!-- \/ Yoast SEO plugin. -->","yoast_head_json":{"title":"Condiciones generales de venta y env\u00edo - Pur Ethanol","description":"Informarse sobre los condiciones generales de venta online et de envio de nuestro bio\u00e9tanol biologico sin olor para chimeneas.","robots":{"index":"index","follow":"follow","max-snippet":"max-snippet:-1","max-image-preview":"max-image-preview:large","max-video-preview":"max-video-preview:-1"},"canonical":"https:\/\/www.pur-ethanol.com\/es\/condiciones-generales-de-venta\/","og_locale":"es_ES","og_type":"article","og_title":"Condiciones generales de venta y env\u00edo - Pur Ethanol","og_description":"Informarse sobre los condiciones generales de venta online et de envio de nuestro bio\u00e9tanol biologico sin olor para chimeneas.","og_url":"https:\/\/www.pur-ethanol.com\/es\/condiciones-generales-de-venta\/","og_site_name":"Pur Ethanol","article_publisher":"https:\/\/www.facebook.com\/pages\/Pur-ethanol\/416380911759072","article_modified_time":"2026-03-30T07:33:31+00:00","twitter_card":"summary_large_image","twitter_misc":{"Tiempo de lectura":"5 minutos"},"schema":{"@context":"https:\/\/schema.org","@graph":[{"@type":"WebPage","@id":"https:\/\/www.pur-ethanol.com\/es\/condiciones-generales-de-venta\/","url":"https:\/\/www.pur-ethanol.com\/es\/condiciones-generales-de-venta\/","name":"Condiciones generales de venta y env\u00edo - Pur Ethanol","isPartOf":{"@id":"https:\/\/www.pur-ethanol.com\/es\/#website"},"datePublished":"2019-07-22T14:00:16+00:00","dateModified":"2026-03-30T07:33:31+00:00","description":"Informarse sobre los condiciones generales de venta online et de envio de nuestro bio\u00e9tanol biologico sin olor para chimeneas.","breadcrumb":{"@id":"https:\/\/www.pur-ethanol.com\/es\/condiciones-generales-de-venta\/#breadcrumb"},"inLanguage":"es","potentialAction":[{"@type":"ReadAction","target":["https:\/\/www.pur-ethanol.com\/es\/condiciones-generales-de-venta\/"]}]},{"@type":"BreadcrumbList","@id":"https:\/\/www.pur-ethanol.com\/es\/condiciones-generales-de-venta\/#breadcrumb","itemListElement":[{"@type":"ListItem","position":1,"name":"Accueil","item":"https:\/\/www.pur-ethanol.com\/es\/"},{"@type":"ListItem","position":2,"name":"Condiciones generales de venta"}]},{"@type":"WebSite","@id":"https:\/\/www.pur-ethanol.com\/es\/#website","url":"https:\/\/www.pur-ethanol.com\/es\/","name":"Pur Ethanol","description":"Votre source bio-\u00e9thanol pour chemin\u00e9e par Nadal Alcools","publisher":{"@id":"https:\/\/www.pur-ethanol.com\/es\/#organization"},"potentialAction":[{"@type":"SearchAction","target":{"@type":"EntryPoint","urlTemplate":"https:\/\/www.pur-ethanol.com\/es\/?s={search_term_string}"},"query-input":{"@type":"PropertyValueSpecification","valueRequired":true,"valueName":"search_term_string"}}],"inLanguage":"es"},{"@type":"Organization","@id":"https:\/\/www.pur-ethanol.com\/es\/#organization","name":"Pur Ethanol","url":"https:\/\/www.pur-ethanol.com\/es\/","logo":{"@type":"ImageObject","inLanguage":"es","@id":"https:\/\/www.pur-ethanol.com\/es\/#\/schema\/logo\/image\/","url":"https:\/\/www.pur-ethanol.com\/wp-content\/uploads\/2019\/07\/logo-couleur-pur-ethanol.png","contentUrl":"https:\/\/www.pur-ethanol.com\/wp-content\/uploads\/2019\/07\/logo-couleur-pur-ethanol.png","width":240,"height":45,"caption":"Pur Ethanol"},"image":{"@id":"https:\/\/www.pur-ethanol.com\/es\/#\/schema\/logo\/image\/"},"sameAs":["https:\/\/www.facebook.com\/pages\/Pur-ethanol\/416380911759072"]}]}},"_links":{"self":[{"href":"https:\/\/www.pur-ethanol.com\/es\/wp-json\/wp\/v2\/pages\/1735","targetHints":{"allow":["GET"]}}],"collection":[{"href":"https:\/\/www.pur-ethanol.com\/es\/wp-json\/wp\/v2\/pages"}],"about":[{"href":"https:\/\/www.pur-ethanol.com\/es\/wp-json\/wp\/v2\/types\/page"}],"author":[{"embeddable":true,"href":"https:\/\/www.pur-ethanol.com\/es\/wp-json\/wp\/v2\/users\/1"}],"replies":[{"embeddable":true,"href":"https:\/\/www.pur-ethanol.com\/es\/wp-json\/wp\/v2\/comments?post=1735"}],"version-history":[{"count":1,"href":"https:\/\/www.pur-ethanol.com\/es\/wp-json\/wp\/v2\/pages\/1735\/revisions"}],"predecessor-version":[{"id":113996,"href":"https:\/\/www.pur-ethanol.com\/es\/wp-json\/wp\/v2\/pages\/1735\/revisions\/113996"}],"wp:attachment":[{"href":"https:\/\/www.pur-ethanol.com\/es\/wp-json\/wp\/v2\/media?parent=1735"}],"curies":[{"name":"wp","href":"https:\/\/api.w.org\/{rel}","templated":true}]}}